{"id":1907,"date":"2023-04-16T18:04:46","date_gmt":"2023-04-16T23:04:46","guid":{"rendered":"http:\/\/cerquie.com\/?post_type=product&#038;p=1907"},"modified":"2025-12-05T15:28:58","modified_gmt":"2025-12-05T20:28:58","slug":"mini-cerquie-qroppys-natural-20-g","status":"publish","type":"product","link":"https:\/\/cerquie.com\/index.php\/product\/mini-cerquie-qroppys-natural-20-g\/","title":{"rendered":"MINI CERQUI\u00c9 QROPPYS NATURAL 20 g"},"content":{"rendered":"<p>MINI CERQUI\u00c9 QROPPYS NATURAL 20 g<\/p>\n<p>Pop de quinua org\u00e1nica.<\/p>\n<p>La Quinua es catalogada como un superalimento debido a que posee todos los amino\u00e1cidos esenciales, oligoelementos y vitaminas para la vida, por tanto Cerqui\u00e9 Qroppys! aprovecha tales propiedades, dentro del perfil lip\u00eddico contiene un alto porcentaje de Omega 3 y Omega 6, adem\u00e1s de no contener gluten.<br \/>\nEs una alternativa al cereal de desayuno tradicional, est\u00e1 realizado a base de quinua org\u00e1nica, es un producto muy vers\u00e1til ya que puede ser consumido con leche, yogurt, ensalada de frutas, postres, etc.<\/p>\n<ul>\n<li>Contiene lactosa<\/li>\n<li>No contiene gluten<\/li>\n<\/ul>\n","protected":false},"excerpt":{"rendered":"<p>MINI CERQUI\u00c9 QROPPYS NATURAL 20 g<\/p>\n","protected":false},"featured_media":1891,"comment_status":"open","ping_status":"closed","template":"","meta":[],"_links":{"self":[{"href":"https:\/\/cerquie.com\/index.php\/wp-json\/wp\/v2\/product\/1907"}],"collection":[{"href":"https:\/\/cerquie.com\/index.php\/wp-json\/wp\/v2\/product"}],"about":[{"href":"https:\/\/cerquie.com\/index.php\/wp-json\/wp\/v2\/types\/product"}],"replies":[{"embeddable":true,"href":"https:\/\/cerquie.com\/index.php\/wp-json\/wp\/v2\/comments?post=1907"}],"wp:featuredmedia":[{"embeddable":true,"href":"https:\/\/cerquie.com\/index.php\/wp-json\/wp\/v2\/media\/1891"}],"wp:attachment":[{"href":"https:\/\/cerquie.com\/index.php\/wp-json\/wp\/v2\/media?parent=1907"}],"curies":[{"name":"wp","href":"https:\/\/api.w.org\/{rel}","templated":true}]}}