{"id":1810,"date":"2022-06-13T18:19:58","date_gmt":"2022-06-13T23:19:58","guid":{"rendered":"http:\/\/cerquie.com\/?post_type=product&#038;p=1810"},"modified":"2024-06-28T11:46:44","modified_gmt":"2024-06-28T16:46:44","slug":"proteina-de-quinua-y-chocho-sabor-a-maracuya","status":"publish","type":"product","link":"https:\/\/cerquie.com\/index.php\/product\/proteina-de-quinua-y-chocho-sabor-a-maracuya\/","title":{"rendered":"Proteina de Quinua y Chocho sabor a Maracuy\u00e1"},"content":{"rendered":"<p>Suplementos nutricionales de prote\u00edna vegetal de alta calidad a base de superalimentos andinos como la quinoa y el chocho. Complementados con concentrados de frutas andinas que aportan importantes micronutrientes.<br \/>\nProteina: 11 g por porci\u00f3n<br \/>\nCarbohidratos: 10-11 g seg\u00fan el concentrado de fruta natural.<br \/>\nCalor\u00edas: 130 kcal por porci\u00f3n.<\/p>\n<p>PROTE\u00cdNA SUPERALIMENTARIA de Fruta de la Pasi\u00f3n contiene concentrados de frutas andinas como la Fruta de la Pasi\u00f3n con un perfil sensorial tan ex\u00f3tico y deseado en los mercados internacionales. Tambi\u00e9n es rico en antioxidantes, como vitamina C y antocianinas, que ayudan a mantener el sistema inmunol\u00f3gico y protegen las c\u00e9lulas del cuerpo del estr\u00e9s oxidativo causado por los radicales libres.<\/p>\n","protected":false},"excerpt":{"rendered":"<p>AWA NUTRITION MARACUY\u00c1 DOYPACK 300 g.<br \/>\nPerfecto para el desayuno, los refrigerios y el reemplazo de comidas. Batidos PRE-ENTRENAMIENTO.<\/p>\n","protected":false},"featured_media":1811,"comment_status":"open","ping_status":"closed","template":"","meta":[],"_links":{"self":[{"href":"https:\/\/cerquie.com\/index.php\/wp-json\/wp\/v2\/product\/1810"}],"collection":[{"href":"https:\/\/cerquie.com\/index.php\/wp-json\/wp\/v2\/product"}],"about":[{"href":"https:\/\/cerquie.com\/index.php\/wp-json\/wp\/v2\/types\/product"}],"replies":[{"embeddable":true,"href":"https:\/\/cerquie.com\/index.php\/wp-json\/wp\/v2\/comments?post=1810"}],"wp:featuredmedia":[{"embeddable":true,"href":"https:\/\/cerquie.com\/index.php\/wp-json\/wp\/v2\/media\/1811"}],"wp:attachment":[{"href":"https:\/\/cerquie.com\/index.php\/wp-json\/wp\/v2\/media?parent=1810"}],"curies":[{"name":"wp","href":"https:\/\/api.w.org\/{rel}","templated":true}]}}