{"id":1807,"date":"2022-06-13T18:17:38","date_gmt":"2022-06-13T23:17:38","guid":{"rendered":"http:\/\/cerquie.com\/?post_type=product&#038;p=1807"},"modified":"2022-06-13T18:17:38","modified_gmt":"2022-06-13T23:17:38","slug":"proteina-de-quinua-y-chocho-sabor-a-naranjilla","status":"publish","type":"product","link":"https:\/\/cerquie.com\/index.php\/product\/proteina-de-quinua-y-chocho-sabor-a-naranjilla\/","title":{"rendered":"Proteina de Quinua y Chocho sabor a Naranjilla"},"content":{"rendered":"<p>Suplementos nutricionales de prote\u00edna vegetal de alta calidad a base de superalimentos andinos como la quinoa y el chocho. Complementados con concentrados de frutas andinas que aportan importantes micronutrientes.<br \/>\nProteina: 11 g por porci\u00f3n<br \/>\nCarbohidratos: 10-11 g seg\u00fan el concentrado de fruta natural.<br \/>\nCalor\u00edas: 130 kcal por porci\u00f3n.<\/p>\n<p>PROTE\u00cdNA SUPERALIMENTARIAS de Naranjilla contiene concentrados de frutas \u00fanicos como naranjilla o lulo, que es end\u00e9mica de ciertas \u00e1reas de la regi\u00f3n andina, ricos en antioxidantes como la vitamina C y antocianinas, que ayudan a mantener el sistema inmunol\u00f3gico y protegen las c\u00e9lulas del cuerpo del estr\u00e9s oxidativo. producido por radicales libres.<\/p>\n","protected":false},"excerpt":{"rendered":"<p>AWA NUTRITION NARANJILLA DOYPACK 300 g.<br \/>\nPerfecto para el desayuno, los refrigerios y el reemplazo de comidas. Batidos PRE-ENTRENAMIENTO.<\/p>\n","protected":false},"featured_media":1808,"comment_status":"open","ping_status":"closed","template":"","meta":[],"_links":{"self":[{"href":"https:\/\/cerquie.com\/index.php\/wp-json\/wp\/v2\/product\/1807"}],"collection":[{"href":"https:\/\/cerquie.com\/index.php\/wp-json\/wp\/v2\/product"}],"about":[{"href":"https:\/\/cerquie.com\/index.php\/wp-json\/wp\/v2\/types\/product"}],"replies":[{"embeddable":true,"href":"https:\/\/cerquie.com\/index.php\/wp-json\/wp\/v2\/comments?post=1807"}],"wp:featuredmedia":[{"embeddable":true,"href":"https:\/\/cerquie.com\/index.php\/wp-json\/wp\/v2\/media\/1808"}],"wp:attachment":[{"href":"https:\/\/cerquie.com\/index.php\/wp-json\/wp\/v2\/media?parent=1807"}],"curies":[{"name":"wp","href":"https:\/\/api.w.org\/{rel}","templated":true}]}}