{"id":1798,"date":"2022-06-13T18:02:45","date_gmt":"2022-06-13T23:02:45","guid":{"rendered":"http:\/\/cerquie.com\/?post_type=product&#038;p=1798"},"modified":"2022-06-13T18:13:14","modified_gmt":"2022-06-13T23:13:14","slug":"proteina-de-quinua-y-chocho-mora-de-castilla-awa-nutrition","status":"publish","type":"product","link":"https:\/\/cerquie.com\/index.php\/product\/proteina-de-quinua-y-chocho-mora-de-castilla-awa-nutrition\/","title":{"rendered":"Proteina de Quinua y Chocho sabor a Mora de Castilla"},"content":{"rendered":"<p>Suplementos nutricionales de prote\u00edna vegetal de alta calidad a base de superalimentos andinos como la quinoa y el chocho. Complementados con concentrados de frutas andinas que aportan importantes micronutrientes.<br \/>\nProteina: 11 g por porci\u00f3n<br \/>\nCarbohidratos: 10-11 g seg\u00fan el concentrado de fruta natural.<br \/>\nCalor\u00edas: 130 kcal por porci\u00f3n.<\/p>\n<p>BATIDO DE PROTE\u00cdNA SUPERALIMENTARIA de Zarzamoras Andinas contiene concentrados de frutas andinas ricas en antioxidantes, como vitamina C y antocianinas, que ayudan a mantener el sistema inmunol\u00f3gico y protegen las c\u00e9lulas del cuerpo del estr\u00e9s oxidativo causado por los radicales libres.<\/p>\n","protected":false},"excerpt":{"rendered":"<p>AWA NUTRITION MORA DE CASTILLA DOYPACK 300 g<br \/>\nPerfecto para el desayuno, los refrigerios y el reemplazo de comidas. Batidos PRE-ENTRENAMIENTO.<\/p>\n","protected":false},"featured_media":1799,"comment_status":"open","ping_status":"closed","template":"","meta":[],"_links":{"self":[{"href":"https:\/\/cerquie.com\/index.php\/wp-json\/wp\/v2\/product\/1798"}],"collection":[{"href":"https:\/\/cerquie.com\/index.php\/wp-json\/wp\/v2\/product"}],"about":[{"href":"https:\/\/cerquie.com\/index.php\/wp-json\/wp\/v2\/types\/product"}],"replies":[{"embeddable":true,"href":"https:\/\/cerquie.com\/index.php\/wp-json\/wp\/v2\/comments?post=1798"}],"wp:featuredmedia":[{"embeddable":true,"href":"https:\/\/cerquie.com\/index.php\/wp-json\/wp\/v2\/media\/1799"}],"wp:attachment":[{"href":"https:\/\/cerquie.com\/index.php\/wp-json\/wp\/v2\/media?parent=1798"}],"curies":[{"name":"wp","href":"https:\/\/api.w.org\/{rel}","templated":true}]}}