{"id":1786,"date":"2022-06-13T17:28:01","date_gmt":"2022-06-13T22:28:01","guid":{"rendered":"http:\/\/cerquie.com\/?post_type=product&#038;p=1786"},"modified":"2022-06-13T17:28:02","modified_gmt":"2022-06-13T22:28:02","slug":"superchocolate-con-chocho-lupini","status":"publish","type":"product","link":"https:\/\/cerquie.com\/index.php\/product\/superchocolate-con-chocho-lupini\/","title":{"rendered":"Superchocolate con Chocho\/Lupini"},"content":{"rendered":"<h3><strong>Superchocolate<\/strong><\/h3>\n<p><strong>Caracter\u00edsticas<\/strong><\/p>\n<p align=\"justify\">El Cacao Ecuatoriano conocido como la \u201cpepa de oro\u201d tiene su origen en el alto Amazonas hace m\u00e1s de 5500 a\u00f1os, posee caracter\u00edsticas nutricionales \u00fanicas as\u00ed como sus incomparables sabores frutales y aromas florales. Ecuador posee m\u00e1s del 70% de la producci\u00f3n mundial del cacao fino de aroma posicion\u00e1ndose como el mayor productor de este fino cacao en el mundo. Este maravilloso fruto lidera la lista de alimentos con propiedades antioxidantes, que junto a la prote\u00edna del chocho lupini y a la energ\u00eda de la panela, se convierte en un superalimento.<\/p>\n<p><strong>Beneficios<\/strong><\/p>\n<ul>\n<li>Fuente de antioxidantes, prote\u00edna, calcio y hierro.<\/li>\n<li>Aporta energ\u00eda y vitaminas del complejo B.<\/li>\n<li>Proporciona grasas saludables proveniente del omega 3, 6 y 9.<\/li>\n<li>Listo para servir, puede mezclarse directamente a bebidas, leche o agua.<\/li>\n<li>Ideal para un desayuno saludable, lo puede consumir toda la familia.Puede utilizarse en reposter\u00eda o panader\u00eda sin recurrir a cremas o pastas artificiales.<\/li>\n<\/ul>\n","protected":false},"excerpt":{"rendered":"<p>Mezcla en polvo de cacao, chocho lupini y panela 225g<\/p>\n","protected":false},"featured_media":1787,"comment_status":"open","ping_status":"closed","template":"","meta":[],"_links":{"self":[{"href":"https:\/\/cerquie.com\/index.php\/wp-json\/wp\/v2\/product\/1786"}],"collection":[{"href":"https:\/\/cerquie.com\/index.php\/wp-json\/wp\/v2\/product"}],"about":[{"href":"https:\/\/cerquie.com\/index.php\/wp-json\/wp\/v2\/types\/product"}],"replies":[{"embeddable":true,"href":"https:\/\/cerquie.com\/index.php\/wp-json\/wp\/v2\/comments?post=1786"}],"wp:featuredmedia":[{"embeddable":true,"href":"https:\/\/cerquie.com\/index.php\/wp-json\/wp\/v2\/media\/1787"}],"wp:attachment":[{"href":"https:\/\/cerquie.com\/index.php\/wp-json\/wp\/v2\/media?parent=1786"}],"curies":[{"name":"wp","href":"https:\/\/api.w.org\/{rel}","templated":true}]}}