{"id":759,"date":"2017-02-08T16:33:58","date_gmt":"2017-02-08T16:33:58","guid":{"rendered":"http:\/\/dummy.xtemos.com\/basel\/vers\/?page_id=759"},"modified":"2021-06-18T15:31:18","modified_gmt":"2021-06-18T15:31:18","slug":"servicios-2","status":"publish","type":"page","link":"https:\/\/cerquie.com\/index.php\/servicios-2\/","title":{"rendered":"servicios"},"content":{"rendered":"<p>[vc_row full_width=\u00bbstretch_row\u00bb css=\u00bb.vc_custom_1616695907655{margin-bottom: 30px !important;background-image: url(http:\/\/cerquie.com\/wp-content\/uploads\/2021\/03\/bg_grans.jpg?id=1663) !important;background-position: center !important;background-repeat: no-repeat !important;background-size: cover !important;}\u00bb][vc_column][vc_empty_space height=\u00bb100px\u00bb][vc_column_text css=\u00bb.vc_custom_1616689286570{margin-bottom: 15px !important;}\u00bb]<\/p>\n<h4 style=\"font-size: 32px; text-align: center;\">NUESTROS <span class=\"color-primary\">SERVICIOS<\/span><\/h4>\n<p>[\/vc_column_text][vc_empty_space height=\u00bb100px\u00bb][\/vc_column][\/vc_row][vc_row css=\u00bb.vc_custom_1486373395890{margin-bottom: 25px !important;}\u00bb][vc_column width=\u00bb1\/4&#8243;][\/vc_column][vc_column width=\u00bb1\/2&#8243; css=\u00bb.vc_custom_1486290503946{padding-top: 0px !important;}\u00bb][vc_column_text css=\u00bb.vc_custom_1616695264017{margin-bottom: 15px !important;}\u00bb]<\/p>\n<h4 style=\"font-size: 32px; text-align: center;\">CERQUI\u00c9 S.A.S<\/h4>\n<p>[\/vc_column_text][vc_separator color=\u00bbcustom\u00bb border_width=\u00bb2&#8243; el_width=\u00bb10&#8243; css=\u00bb.vc_custom_1486290346863{margin-bottom: 20px !important;}\u00bb accent_color=\u00bb#f8c619&#8243;][vc_column_text css=\u00bb.vc_custom_1616695273231{margin-bottom: 0px !important;}\u00bb]<\/p>\n<p style=\"text-align: center;\">Tenemos como objetivo apoyar a los ecuatorianos en el camino hacia una alimentaci\u00f3n hol\u00edstica y saludable, d\u00e1ndoles a conocer los beneficios de incorporar Superalimentos en su dieta diaria.<\/p>\n<p>[\/vc_column_text][\/vc_column][vc_column width=\u00bb1\/4&#8243;][\/vc_column][\/vc_row][vc_row][vc_column width=\u00bb1\/4&#8243;]\n\t\t\t<div class=\"promo-banner cursor-pointer text-center vertical-alignment-middle banner-2 hover-3 color-scheme-light \" onclick=\"window.location.href='#'\" >\n\n\t\t\t\t<div class=\"main-wrapp-img\">\n\t\t\t\t\t<div class=\"banner-image\">\n\t\t\t\t\t\t\t\t\t\t\t\t\t\t\t\t\t\t\t\t\t<img class=\"promo-banner-image image-1 \" src=\"https:\/\/cerquie.com\/wp-content\/uploads\/2021\/03\/ima4.jpg\" width=\"800\" height=\"430\" alt=\"ima4\" title=\"ima4\" \/>\t\t\t\t\t\t\t\t\t\t\t\t\t\t\t\t\t\t<\/div>\n\t\t\t\t<\/div>\n\n\t\t\t\t<div class=\"wrapper-content-baner\">\n\t\t\t\t\t<div class=\"banner-inner\">\n\t\t\t\t\t\t<\/p>\n<h2><strong class=\"color-primary\">Alimentaci\u00f3n<\/strong><\/h2>\n<p>\n\t\t\t\t\t<\/div>\n\t\t\t\t<\/div>\n\n\t\t\t<\/div>\n\n\n\t\t\t\t\t<div class=\" basel-info-box2 text-center icon-alignment-left box-style-base color-scheme-dark z-index-h position-relative with-animation vc_custom_1616690388893\" onclick=\"\">\n\t\t\t\t\t\t\t\t<div class=\"info-box-content\">\n\t\t\t\t\t<div class=\"info-box-inner\">\n\t\t\t\t\t\t<\/p>\n<h3>Alimentaci\u00f3n<\/h3>\n<p>Maquila de productos alimentarios.<\/p>\n\t\t\t\t\t<\/div>\n\t\t\t\t<\/div>\n\t\t\t<\/div>\n\t\t[\/vc_column][vc_column width=\u00bb1\/4&#8243;]\n\t\t\t<div class=\"promo-banner cursor-pointer text-center vertical-alignment-middle banner-2 hover-3 color-scheme-light \" onclick=\"window.location.href='#'\" >\n\n\t\t\t\t<div class=\"main-wrapp-img\">\n\t\t\t\t\t<div class=\"banner-image\">\n\t\t\t\t\t\t\t\t\t\t\t\t\t\t\t\t\t\t\t\t\t<img class=\"promo-banner-image image-1 \" src=\"https:\/\/cerquie.com\/wp-content\/uploads\/2021\/03\/empaq.jpg\" width=\"300\" height=\"220\" alt=\"empaq\" title=\"empaq\" \/>\t\t\t\t\t\t\t\t\t\t\t\t\t\t\t\t\t\t<\/div>\n\t\t\t\t<\/div>\n\n\t\t\t\t<div class=\"wrapper-content-baner\">\n\t\t\t\t\t<div class=\"banner-inner\">\n\t\t\t\t\t\t<\/p>\n<h2><strong class=\"color-primary\">EMPAQUETADO<\/strong><\/h2>\n<p>\n\t\t\t\t\t<\/div>\n\t\t\t\t<\/div>\n\n\t\t\t<\/div>\n\n\n\t\t\t\t\t<div class=\" basel-info-box2 text-center icon-alignment-left box-style-base color-scheme-dark z-index-h position-relative with-animation vc_custom_1616689904627\" onclick=\"\">\n\t\t\t\t\t\t\t\t<div class=\"info-box-content\">\n\t\t\t\t\t<div class=\"info-box-inner\">\n\t\t\t\t\t\t<\/p>\n<h3>Empaquetado<\/h3>\n<p>Servicio de dosificaci\u00f3n, empaque y sellado para alimentos.<\/p>\n\t\t\t\t\t<\/div>\n\t\t\t\t<\/div>\n\t\t\t<\/div>\n\t\t[\/vc_column][vc_column width=\u00bb1\/4&#8243;]\n\t\t\t<div class=\"promo-banner cursor-pointer text-center vertical-alignment-middle banner-2 hover-3 color-scheme-light \" onclick=\"window.location.href='#'\" >\n\n\t\t\t\t<div class=\"main-wrapp-img\">\n\t\t\t\t\t<div class=\"banner-image\">\n\t\t\t\t\t\t\t\t\t\t\t\t\t\t\t\t\t\t\t\t\t<img class=\"promo-banner-image image-1 \" src=\"https:\/\/cerquie.com\/wp-content\/uploads\/2021\/03\/food-for-soul-800x534.jpg\" width=\"800\" height=\"534\" alt=\"food-for-soul\" title=\"food-for-soul\" \/>\t\t\t\t\t\t\t\t\t\t\t\t\t\t\t\t\t\t<\/div>\n\t\t\t\t<\/div>\n\n\t\t\t\t<div class=\"wrapper-content-baner\">\n\t\t\t\t\t<div class=\"banner-inner\">\n\t\t\t\t\t\t<\/p>\n<h2><strong class=\"color-primary\">Desarrollo<\/strong><\/h2>\n<p>\n\t\t\t\t\t<\/div>\n\t\t\t\t<\/div>\n\n\t\t\t<\/div>\n\n\n\t\t\t\t\t<div class=\" basel-info-box2 text-center icon-alignment-left box-style-base color-scheme-dark z-index-h position-relative with-animation vc_custom_1616689955650\" onclick=\"\">\n\t\t\t\t\t\t\t\t<div class=\"info-box-content\">\n\t\t\t\t\t<div class=\"info-box-inner\">\n\t\t\t\t\t\t<\/p>\n<h3>Desarrollo<\/h3>\n<p>Desarrollo y gesti\u00f3n de proyectos en el \u00e1mbito alimentario.<\/p>\n\t\t\t\t\t<\/div>\n\t\t\t\t<\/div>\n\t\t\t<\/div>\n\t\t[\/vc_column][vc_column width=\u00bb1\/4&#8243;]\n\t\t\t<div class=\"promo-banner cursor-pointer text-center vertical-alignment-middle banner-2 hover-3 color-scheme-light \" onclick=\"window.location.href='#'\" >\n\n\t\t\t\t<div class=\"main-wrapp-img\">\n\t\t\t\t\t<div class=\"banner-image\">\n\t\t\t\t\t\t\t\t\t\t\t\t\t\t\t\t\t\t\t\t\t<img class=\"promo-banner-image image-1 \" src=\"https:\/\/cerquie.com\/wp-content\/uploads\/2021\/03\/pepita-y-grano-3.png\" width=\"616\" height=\"425\" alt=\"pepita-y-grano-3\" title=\"pepita-y-grano-3\" \/>\t\t\t\t\t\t\t\t\t\t\t\t\t\t\t\t\t\t<\/div>\n\t\t\t\t<\/div>\n\n\t\t\t\t<div class=\"wrapper-content-baner\">\n\t\t\t\t\t<div class=\"banner-inner\">\n\t\t\t\t\t\t<\/p>\n<h2><strong class=\"color-primary\">Tienda especializada<br \/>\n<\/strong><\/h2>\n<p>\n\t\t\t\t\t<\/div>\n\t\t\t\t<\/div>\n\n\t\t\t<\/div>\n\n\n\t\t\t\t\t<div class=\" basel-info-box2 text-center icon-alignment-left box-style-base color-scheme-dark z-index-h position-relative with-animation vc_custom_1624030276606\" onclick=\"\">\n\t\t\t\t\t\t\t\t<div class=\"info-box-content\">\n\t\t\t\t\t<div class=\"info-box-inner\">\n\t\t\t\t\t\t<\/p>\n<h3>Comercio<\/h3>\n<p>Puedes visitar nuestro punto de venta f\u00edsico en Riobamba: Primera Constituyente entre Uruguay y Brasil<\/p>\n\t\t\t\t\t<\/div>\n\t\t\t\t<\/div>\n\t\t\t<\/div>\n\t\t[\/vc_column][\/vc_row][vc_section full_width=\u00bbstretch_row\u00bb css=\u00bb.vc_custom_1486377930956{padding-top: 6vh !important;padding-bottom: 6vh !important;background-color: #f9f9f9 !important;}\u00bb][vc_row css=\u00bb.vc_custom_1486377937159{margin-bottom: 25px !important;padding-top: 30px !important;}\u00bb][vc_column width=\u00bb1\/4&#8243;][\/vc_column][vc_column width=\u00bb1\/2&#8243; css=\u00bb.vc_custom_1486290503946{padding-top: 0px !important;}\u00bb][vc_column_text css=\u00bb.vc_custom_1616692916056{margin-bottom: 15px !important;}\u00bb]<\/p>\n<h4 style=\"font-size: 32px; text-align: center;\">CONOCE M\u00c1S<\/h4>\n<p>[\/vc_column_text][vc_separator color=\u00bbcustom\u00bb border_width=\u00bb2&#8243; el_width=\u00bb10&#8243; css=\u00bb.vc_custom_1486290346863{margin-bottom: 20px !important;}\u00bb accent_color=\u00bb#f8c619&#8243;][vc_column_text css=\u00bb.vc_custom_1616692937383{margin-bottom: 0px !important;}\u00bb]<\/p>\n<p style=\"text-align: center;\">Conoce un poco m\u00e1s de los servicios que tenemos para ofrecer<\/p>\n<p>[\/vc_column_text][\/vc_column][vc_column width=\u00bb1\/4&#8243;][\/vc_column][\/vc_row][vc_row css=\u00bb.vc_custom_1486377680848{margin-bottom: 0px !important;}\u00bb][vc_column width=\u00bb1\/4&#8243;]\t\t\t<div class=\" cursor-pointer basel-info-box2 text-center icon-alignment-top box-style-base color-scheme-dark  \" onclick=\"window.location.href=&#039;#&#039;\">\n\t\t\t\t\t\t\t\t\t<div class=\"box-icon-wrapper\">\n\t\t\t\t\t\t<div class=\"info-box-icon\">\n\t\t\t\t\t\t\t\t\t\t\t\t\t\t\t\t\t\t\t\t\t\t\t\t\t\t<img class=\"info-icon image-1 \" src=\"https:\/\/cerquie.com\/wp-content\/uploads\/2021\/03\/machine-150x150.png\" width=\"150\" height=\"150\" alt=\"machine\" title=\"machine\" \/>\t\t\t\t\t\t\t\t\t\t\t\t\t\t<\/div>\n\t\t\t\t\t<\/div>\n\t\t\t\t\t\t\t\t<div class=\"info-box-content\">\n\t\t\t\t\t<div class=\"info-box-inner\">\n\t\t\t\t\t\t<\/p>\n<p style=\"text-align: center;\">La empresa cuenta con maquinaria \u00fatil para maquilar o producir alimentos, ya que, contamos con un deshidratador con intercambiador de calor, un mezclador industrial para alimentos y un evaporador de tipo industrial.<\/p>\n<p>\n\t\t\t\t\t<\/div>\n\t\t\t\t<\/div>\n\t\t\t<\/div>\n\t\t[\/vc_column][vc_column width=\u00bb1\/4&#8243;]\t\t\t<div class=\" cursor-pointer basel-info-box2 text-center icon-alignment-top box-style-base color-scheme-dark  \" onclick=\"window.location.href=&#039;#&#039;\">\n\t\t\t\t\t\t\t\t\t<div class=\"box-icon-wrapper\">\n\t\t\t\t\t\t<div class=\"info-box-icon\">\n\t\t\t\t\t\t\t\t\t\t\t\t\t\t\t\t\t\t\t\t\t\t\t\t\t\t<img class=\"info-icon image-1 \" src=\"https:\/\/cerquie.com\/wp-content\/uploads\/2021\/03\/machine2-150x150.png\" width=\"150\" height=\"150\" alt=\"machine2\" title=\"machine2\" \/>\t\t\t\t\t\t\t\t\t\t\t\t\t\t<\/div>\n\t\t\t\t\t<\/div>\n\t\t\t\t\t\t\t\t<div class=\"info-box-content\">\n\t\t\t\t\t<div class=\"info-box-inner\">\n\t\t\t\t\t\t<\/p>\n<p style=\"text-align: center;\">Contamos una maquina dosificadora electr\u00f3nica de granos en acero inoxidable de grado alimenticio, as\u00ed como tambi\u00e9n, una m\u00e1quina selladora que incluye codificaci\u00f3n.<\/p>\n<p>\n\t\t\t\t\t<\/div>\n\t\t\t\t<\/div>\n\t\t\t<\/div>\n\t\t[\/vc_column][vc_column width=\u00bb1\/4&#8243;]\t\t\t<div class=\" cursor-pointer basel-info-box2 text-center icon-alignment-top box-style-base color-scheme-dark  \" onclick=\"window.location.href=&#039;#&#039;\">\n\t\t\t\t\t\t\t\t\t<div class=\"box-icon-wrapper\">\n\t\t\t\t\t\t<div class=\"info-box-icon\">\n\t\t\t\t\t\t\t\t\t\t\t\t\t\t\t\t\t\t\t\t\t\t\t\t\t\t<img class=\"info-icon image-1 \" src=\"https:\/\/cerquie.com\/wp-content\/uploads\/2021\/03\/ingenier-150x150.png\" width=\"150\" height=\"150\" alt=\"ingenier\" title=\"ingenier\" \/>\t\t\t\t\t\t\t\t\t\t\t\t\t\t<\/div>\n\t\t\t\t\t<\/div>\n\t\t\t\t\t\t\t\t<div class=\"info-box-content\">\n\t\t\t\t\t<div class=\"info-box-inner\">\n\t\t\t\t\t\t<\/p>\n<p style=\"text-align: center;\">Soluciones de ingenier\u00eda y servicios de gesti\u00f3n de proyectos para la industria alimentaria, especializados en sistemas automatizados para el procesamiento de alimentos.<\/p>\n<p>\n\t\t\t\t\t<\/div>\n\t\t\t\t<\/div>\n\t\t\t<\/div>\n\t\t[\/vc_column][vc_column width=\u00bb1\/4&#8243;]\t\t\t<div class=\" cursor-pointer basel-info-box2 text-center icon-alignment-top box-style-base color-scheme-dark  \" onclick=\"window.location.href=&#039;#&#039;\">\n\t\t\t\t\t\t\t\t\t<div class=\"box-icon-wrapper\">\n\t\t\t\t\t\t<div class=\"info-box-icon\">\n\t\t\t\t\t\t\t\t\t\t\t\t\t\t\t\t\t\t\t\t\t\t\t\t\t\t<img class=\"info-icon image-1 \" src=\"https:\/\/cerquie.com\/wp-content\/uploads\/2021\/03\/reearch-150x150.png\" width=\"150\" height=\"150\" alt=\"reearch\" title=\"reearch\" \/>\t\t\t\t\t\t\t\t\t\t\t\t\t\t<\/div>\n\t\t\t\t\t<\/div>\n\t\t\t\t\t\t\t\t<div class=\"info-box-content\">\n\t\t\t\t\t<div class=\"info-box-inner\">\n\t\t\t\t\t\t<\/p>\n<p style=\"text-align: center;\">A trav\u00e9s de este espacio creado para la investigaci\u00f3n, desarrollo, aprendizaje, comercializaci\u00f3n y degustaci\u00f3n de superalimentos, buscamos rescatar y dar a conocer al Ecuador y el mundo, todas las maravillas nutricionales que se encuentran en el Pa\u00eds, creadas por emprendedores nacionales.<\/p>\n<p>\n\t\t\t\t\t<\/div>\n\t\t\t\t<\/div>\n\t\t\t<\/div>\n\t\t[\/vc_column][\/vc_row][\/vc_section][vc_row full_width=\u00bbstretch_row\u00bb content_placement=\u00bbmiddle\u00bb basel_parallax=\u00bb1&#8243; css=\u00bb.vc_custom_1486570410409{margin-bottom: -40px !important;padding-top: 20px !important;padding-bottom: 20px !important;background-image: url(http:\/\/dummy.xtemos.com\/basel\/vers\/wp-content\/uploads\/sites\/3\/2017\/01\/main-bg.jpg?id=40) !important;}\u00bb][vc_column width=\u00bb5\/6&#8243; basel_color_scheme=\u00bblight\u00bb css=\u00bb.vc_custom_1486390038165{padding-top: 20px !important;padding-bottom: 20px !important;}\u00bb][vc_custom_heading text=\u00bbPodemos ayudarte en algo?\u00bb font_container=\u00bbtag:h4|font_size:32|text_align:left|color:%23ffffff\u00bb use_theme_fonts=\u00bbyes\u00bb css=\u00bb.vc_custom_1616694789951{margin-bottom: 5px !important;}\u00bb][vc_custom_heading text=\u00bbPuedes ponerte en contacto con nosotros haciendo clic en el siguiente enlace\u00bb font_container=\u00bbtag:p|font_size:16|text_align:left|color:rgba(255%2C255%2C255%2C0.8)\u00bb use_theme_fonts=\u00bbyes\u00bb css=\u00bb.vc_custom_1616694825328{margin-bottom: 0px !important;}\u00bb][\/vc_column][vc_column width=\u00bb1\/6&#8243; css=\u00bb.vc_custom_1486390042993{padding-top: 20px !important;padding-bottom: 20px !important;}\u00bb][vc_btn title=\u00bb<strong>Contacta con nosotros<\/strong>\u00bb style=\u00bbcustom\u00bb custom_background=\u00bb#ffffff\u00bb custom_text=\u00bb#0a0a0a\u00bb shape=\u00bbsquare\u00bb align=\u00bbcenter\u00bb css=\u00bb.vc_custom_1616694918722{margin-bottom: 0px !important;}\u00bb link=\u00bburl:https%3A%2F%2Fwa.link%2Fe8ir5b|target:_blank\u00bb][\/vc_column][\/vc_row]<\/p>\n","protected":false},"excerpt":{"rendered":"<p>[vc_row full_width=\u00bbstretch_row\u00bb css=\u00bb.vc_custom_1616695907655{margin-bottom: 30px !important;background-image: url(http:\/\/cerquie.com\/wp-content\/uploads\/2021\/03\/bg_grans.jpg?id=1663) !important;background-position: center !important;background-repeat: no-repeat !important;background-size: cover !important;}\u00bb][vc_column][vc_empty_space height=\u00bb100px\u00bb][vc_column_text css=\u00bb.vc_custom_1616689286570{margin-bottom: 15px !important;}\u00bb] NUESTROS SERVICIOS [\/vc_column_text][vc_empty_space<\/p>\n","protected":false},"author":1,"featured_media":0,"parent":0,"menu_order":0,"comment_status":"closed","ping_status":"closed","template":"","meta":[],"_links":{"self":[{"href":"https:\/\/cerquie.com\/index.php\/wp-json\/wp\/v2\/pages\/759"}],"collection":[{"href":"https:\/\/cerquie.com\/index.php\/wp-json\/wp\/v2\/pages"}],"about":[{"href":"https:\/\/cerquie.com\/index.php\/wp-json\/wp\/v2\/types\/page"}],"author":[{"embeddable":true,"href":"https:\/\/cerquie.com\/index.php\/wp-json\/wp\/v2\/users\/1"}],"replies":[{"embeddable":true,"href":"https:\/\/cerquie.com\/index.php\/wp-json\/wp\/v2\/comments?post=759"}],"version-history":[{"count":15,"href":"https:\/\/cerquie.com\/index.php\/wp-json\/wp\/v2\/pages\/759\/revisions"}],"predecessor-version":[{"id":1735,"href":"https:\/\/cerquie.com\/index.php\/wp-json\/wp\/v2\/pages\/759\/revisions\/1735"}],"wp:attachment":[{"href":"https:\/\/cerquie.com\/index.php\/wp-json\/wp\/v2\/media?parent=759"}],"curies":[{"name":"wp","href":"https:\/\/api.w.org\/{rel}","templated":true}]}}